{"id":14,"date":"2023-08-10T17:10:50","date_gmt":"2023-08-10T15:10:50","guid":{"rendered":"https:\/\/www.spoluzachyceno.cz\/?page_id=14"},"modified":"2026-02-19T10:03:12","modified_gmt":"2026-02-19T09:03:12","slug":"o-nas","status":"publish","type":"page","link":"https:\/\/www.spoluzachyceno.cz\/index.php\/o-nas\/","title":{"rendered":"O n\u00e1s."},"content":{"rendered":"\n<div class=\"wp-block-group alignwide is-layout-constrained wp-block-group-is-layout-constrained\">\n<div class=\"wp-block-eds-animate-it-block eds-animate-block-save\"><div class=\"eds-animate animated edsanimate-sis-hidden  \" data-eds-entry-animation=\"fadeIn\" data-eds-entry-delay=\"0\" data-eds-entry-duration=\"1.5\" data-eds-entry-timing=\"linear\" data-eds-exit-animation=\"\" data-eds-exit-delay=\"0\" data-eds-exit-duration=\"0.5\" data-eds-exit-timing=\"linear\" data-eds-repeat-count=\"1\" data-eds-keep=\"yes\" data-eds-animate-on=\"load\" data-eds-scroll-offset=\"\">\n<div style=\"height:16px\" aria-hidden=\"true\" class=\"wp-block-spacer\"><\/div>\n\n\n\n<div class=\"wp-block-media-text alignwide has-media-on-the-right is-stacked-on-mobile is-vertically-aligned-center has-white-background-color has-background has-smaller-font-size\" style=\"grid-template-columns:auto 43%\"><div class=\"wp-block-media-text__content\">\n<h4 class=\"wp-block-heading\" style=\"font-style:normal;font-weight:700\">O n\u00e1s.<\/h4>\n\n\n\n<p class=\"has-text-align-left has-raleway-font-family has-foreground-color has-text-color has-small-font-size\" style=\"line-height:2.3\">&#8222;Ahoj,<\/p>\n\n\n\n<p class=\"has-text-align-left has-raleway-font-family has-black-color has-text-color has-small-font-size\" style=\"line-height:2.3\">jmenujeme se Jan a Dominika a jsme fotografick\u00fd p\u00e1r poch\u00e1zej\u00edc\u00ed z Plzn\u011b.<\/p>\n\n\n\n<p class=\"has-raleway-font-family has-black-color has-text-color has-small-font-size\" style=\"line-height:2.3\">Oba jsme nad\u0161en\u00ed fotografov\u00e9, kte\u0159\u00ed promlouvaj\u00ed fotkou odli\u0161n\u00fdm zp\u016fsobem a spole\u010dn\u011b tvo\u0159\u00edme sehran\u00e9 duo.<\/p>\n\n\n\n<p class=\"has-raleway-font-family has-black-color has-text-color has-small-font-size\" style=\"line-height:2.3\">Ve svatebn\u00ed fotografii uplat\u0148ujeme letit\u00e9 zku\u0161enosti, kter\u00e9 jsme m\u011bli a st\u00e1le m\u00e1me mo\u017enost \u010derpat z vlastn\u00ed tvorby a spojili ji pod jednu zna\u010dku.<\/p>\n\n\n\n<p class=\"has-raleway-font-family has-black-color has-text-color has-small-font-size\" style=\"line-height:2.3\">Individu\u00e1ln\u00ed p\u0159\u00edstup a r\u016fznorodost se sna\u017e\u00edme vpisovat do ka\u017ed\u00e9ho jednoho focen\u00ed a chceme, aby byl jak\u00fdkoliv z\u00e1\u017eitek a emoce nav\u017edy osobit\u011b zaznamen\u00e1ny.<\/p>\n\n\n\n<p class=\"has-raleway-font-family has-foreground-color has-text-color has-small-font-size\" style=\"line-height:2.3\">Ke ka\u017ed\u00e9mu p\u00e1ru m\u00e1me naprosto individu\u00e1ln\u00ed p\u0159\u00edstup zalo\u017een\u00fd na vz\u00e1jemn\u00e9 domluv\u011b a sna\u017e\u00edme se maxim\u00e1ln\u011b p\u0159ibl\u00ed\u017eit Va\u0161im p\u0159\u00e1n\u00edm. V akci fungujeme jako dva tajn\u00ed \u0161pioni, kte\u0159\u00ed V\u00e1m zachyt\u00ed ka\u017ed\u00fd kr\u00e1sn\u00fd \u010di vtipn\u00fd moment.&#8220;<\/p>\n<\/div><figure class=\"wp-block-media-text__media\"><img fetchpriority=\"high\" decoding=\"async\" width=\"2048\" height=\"2560\" src=\"https:\/\/www.spoluzachyceno.cz\/wp-content\/uploads\/2024\/02\/IMG_9101-scaled.jpg\" alt=\"\" class=\"wp-image-2568 size-full\" srcset=\"https:\/\/www.spoluzachyceno.cz\/wp-content\/uploads\/2024\/02\/IMG_9101-scaled.jpg 2048w, https:\/\/www.spoluzachyceno.cz\/wp-content\/uploads\/2024\/02\/IMG_9101-1229x1536.jpg 1229w, https:\/\/www.spoluzachyceno.cz\/wp-content\/uploads\/2024\/02\/IMG_9101-1639x2048.jpg 1639w, https:\/\/www.spoluzachyceno.cz\/wp-content\/uploads\/2024\/02\/IMG_9101-500x625.jpg 500w, https:\/\/www.spoluzachyceno.cz\/wp-content\/uploads\/2024\/02\/IMG_9101-800x1000.jpg 800w, https:\/\/www.spoluzachyceno.cz\/wp-content\/uploads\/2024\/02\/IMG_9101-1280x1600.jpg 1280w, https:\/\/www.spoluzachyceno.cz\/wp-content\/uploads\/2024\/02\/IMG_9101-1920x2400.jpg 1920w, https:\/\/www.spoluzachyceno.cz\/wp-content\/uploads\/2024\/02\/IMG_9101-640x800.jpg 640w\" sizes=\"(max-width: 2048px) 100vw, 2048px\" \/><\/figure><\/div>\n\n\n\n<div style=\"height:100px\" aria-hidden=\"true\" class=\"wp-block-spacer\"><\/div>\n\n\n\n<blockquote class=\"wp-block-quote has-text-align-center is-layout-flow wp-block-quote-is-layout-flow\">\n<p class=\"has-text-align-center\">Dva pohledy.<\/p>\n\n\n\n<hr class=\"wp-block-separator has-alpha-channel-opacity\"\/>\n\n\n\n<p class=\"has-text-align-center\">Jeden p\u0159\u00edb\u011bh.<\/p>\n<\/blockquote>\n<\/div><\/div>\n\n\n\n<div style=\"height:43px\" aria-hidden=\"true\" class=\"wp-block-spacer\"><\/div>\n\n\n\n<div class=\"wp-block-eds-animate-it-block eds-animate-block-save\"><div class=\"eds-animate animated edsanimate-sis-hidden  \" data-eds-entry-animation=\"fadeIn\" data-eds-entry-delay=\"0\" data-eds-entry-duration=\"1.5\" data-eds-entry-timing=\"linear\" data-eds-exit-animation=\"\" data-eds-exit-delay=\"0\" data-eds-exit-duration=\"0.5\" data-eds-exit-timing=\"linear\" data-eds-repeat-count=\"1\" data-eds-keep=\"yes\" data-eds-animate-on=\"load\" data-eds-scroll-offset=\"\"><div class=\"wp-block-visual-portfolio alignwide\">\n<div class=\"vp-portfolio vp-uid-54fd8fe4 vp-id-1wAwy6\"\n\tdata-vp-layout=\"masonry\" data-vp-content-source=\"images\" data-vp-items-style=\"fade\" data-vp-items-click-action=\"url\" data-vp-items-gap=\"74\" data-vp-items-gap-vertical=\"\" data-vp-pagination=\"load-more\" data-vp-next-page-url=\"\" data-vp-masonry-columns=\"2\" >\n\t<div class=\"vp-portfolio__preloader-wrap\">\n\t\t<div class=\"vp-portfolio__preloader\">\n\t\t\t<img decoding=\"async\" loading=\"eager\" src=\"https:\/\/www.spoluzachyceno.cz\/wp-content\/plugins\/visual-portfolio\/assets\/images\/logo-dark.svg\" alt=\"Visual Portfolio, Posts &amp; Image Gallery for WordPress\" width=\"20\" height=\"20\" data-skip-lazy>\n\t\t<\/div>\n\t<\/div>\n\t\t<div class=\"vp-portfolio__items-wrap\">\n\t\t\t\n<div class=\"vp-portfolio__items vp-portfolio__items-style-fade vp-portfolio__items-show-overlay-hover\">\n\n\t\t<div\t\tclass=\"vp-portfolio__item-wrap vp-portfolio__item-uid-ac045821\" data-vp-filter=\"\" \t\t>\n\t\t\t\t\t\t\t\t\t<figure class=\"vp-portfolio__item\">\n\t\t\t\t\n<div class=\"vp-portfolio__item-img-wrap\">\n\t<div class=\"vp-portfolio__item-img\">\n\t\t\t<a\n\t\thref=\"https:\/\/www.dominikaceckova.com\"\n\t\t\t>\n\t\n\t\t<noscript><img decoding=\"async\" width=\"1920\" height=\"2400\" data-skip-lazy src=\"https:\/\/www.spoluzachyceno.cz\/wp-content\/uploads\/2026\/02\/uvodni-scaled-1-1920x2400.jpg\" class=\"wp-image-3672\" alt=\"\" srcset=\"https:\/\/www.spoluzachyceno.cz\/wp-content\/uploads\/2026\/02\/uvodni-scaled-1-1920x2400.jpg 1920w, https:\/\/www.spoluzachyceno.cz\/wp-content\/uploads\/2026\/02\/uvodni-scaled-1-1229x1536.jpg 1229w, https:\/\/www.spoluzachyceno.cz\/wp-content\/uploads\/2026\/02\/uvodni-scaled-1-1638x2048.jpg 1638w, https:\/\/www.spoluzachyceno.cz\/wp-content\/uploads\/2026\/02\/uvodni-scaled-1-500x625.jpg 500w, https:\/\/www.spoluzachyceno.cz\/wp-content\/uploads\/2026\/02\/uvodni-scaled-1-800x1000.jpg 800w, https:\/\/www.spoluzachyceno.cz\/wp-content\/uploads\/2026\/02\/uvodni-scaled-1-1280x1600.jpg 1280w, https:\/\/www.spoluzachyceno.cz\/wp-content\/uploads\/2026\/02\/uvodni-scaled-1-640x800.jpg 640w, https:\/\/www.spoluzachyceno.cz\/wp-content\/uploads\/2026\/02\/uvodni-scaled-1.jpg 2048w\" sizes=\"(max-width: 1920px) 100vw, 1920px\" \/><\/noscript><img decoding=\"async\" width=\"1920\" height=\"2400\" src=\"https:\/\/www.spoluzachyceno.cz\/wp-content\/uploads\/2026\/02\/uvodni-scaled-1-1920x2400.jpg\" class=\"wp-image-3672 vp-lazyload\" alt srcset=\"data:image\/svg+xml;base64,PHN2ZyB3aWR0aD0iMTkyMCIgaGVpZ2h0PSIyNDAwIiB2aWV3Qm94PSIwIDAgMTkyMCAyNDAwIiBmaWxsPSJub25lIiB4bWxucz0iaHR0cDovL3d3dy53My5vcmcvMjAwMC9zdmciPjwvc3ZnPg==\" data-src=\"https:\/\/www.spoluzachyceno.cz\/wp-content\/uploads\/2026\/02\/uvodni-scaled-1-1920x2400.jpg\" data-srcset=\"https:\/\/www.spoluzachyceno.cz\/wp-content\/uploads\/2026\/02\/uvodni-scaled-1-1920x2400.jpg 1920w, https:\/\/www.spoluzachyceno.cz\/wp-content\/uploads\/2026\/02\/uvodni-scaled-1-1229x1536.jpg 1229w, https:\/\/www.spoluzachyceno.cz\/wp-content\/uploads\/2026\/02\/uvodni-scaled-1-1638x2048.jpg 1638w, https:\/\/www.spoluzachyceno.cz\/wp-content\/uploads\/2026\/02\/uvodni-scaled-1-500x625.jpg 500w, https:\/\/www.spoluzachyceno.cz\/wp-content\/uploads\/2026\/02\/uvodni-scaled-1-800x1000.jpg 800w, https:\/\/www.spoluzachyceno.cz\/wp-content\/uploads\/2026\/02\/uvodni-scaled-1-1280x1600.jpg 1280w, https:\/\/www.spoluzachyceno.cz\/wp-content\/uploads\/2026\/02\/uvodni-scaled-1-640x800.jpg 640w, https:\/\/www.spoluzachyceno.cz\/wp-content\/uploads\/2026\/02\/uvodni-scaled-1.jpg 2048w\" data-sizes=\"auto\" loading=\"eager\">\n\t\t<\/a>\t<\/div>\n<\/div>\n\t<figcaption class=\"vp-portfolio__item-overlay vp-portfolio__item-overlay-text-align-center\">\n\t\t<div class=\"vp-portfolio__item-meta-wrap vp-portfolio__custom-scrollbar\">\n\t\t\t\t<a\n\t\thref=\"https:\/\/www.dominikaceckova.com\"\n\t\ttabindex=\"-1\" class=\"vp-portfolio__item-meta\" \t>\n\t\n<h2 class=\"vp-portfolio__item-meta-title\">\n\tDominika \u010ce\u010dkov\u00e1<\/h2>\n<\/a>\t\t<\/div>\n\t<\/figcaption>\n\t\t\t<\/figure>\n\t\t\t\t\t<\/div>\n\t\t\n\t\t<div\t\tclass=\"vp-portfolio__item-wrap vp-portfolio__item-uid-e6634107\" data-vp-filter=\"\" \t\t>\n\t\t\t\t\t\t\t\t\t<figure class=\"vp-portfolio__item\">\n\t\t\t\t\n<div class=\"vp-portfolio__item-img-wrap\">\n\t<div class=\"vp-portfolio__item-img\">\n\t\t\t<a\n\t\thref=\"https:\/\/www.jankantorphoto.com\"\n\t\t\t>\n\t\n\t\t<noscript><img decoding=\"async\" width=\"1075\" height=\"1344\" data-skip-lazy src=\"https:\/\/www.spoluzachyceno.cz\/wp-content\/uploads\/2026\/02\/noova.jpg\" class=\"wp-image-3673\" alt=\"\" srcset=\"https:\/\/www.spoluzachyceno.cz\/wp-content\/uploads\/2026\/02\/noova.jpg 1075w, https:\/\/www.spoluzachyceno.cz\/wp-content\/uploads\/2026\/02\/noova-500x625.jpg 500w, https:\/\/www.spoluzachyceno.cz\/wp-content\/uploads\/2026\/02\/noova-800x1000.jpg 800w, https:\/\/www.spoluzachyceno.cz\/wp-content\/uploads\/2026\/02\/noova-640x800.jpg 640w\" sizes=\"(max-width: 1075px) 100vw, 1075px\" \/><\/noscript><img decoding=\"async\" width=\"1075\" height=\"1344\" src=\"https:\/\/www.spoluzachyceno.cz\/wp-content\/uploads\/2026\/02\/noova.jpg\" class=\"wp-image-3673 vp-lazyload\" alt srcset=\"data:image\/svg+xml;base64,PHN2ZyB3aWR0aD0iMTA3NSIgaGVpZ2h0PSIxMzQ0IiB2aWV3Qm94PSIwIDAgMTA3NSAxMzQ0IiBmaWxsPSJub25lIiB4bWxucz0iaHR0cDovL3d3dy53My5vcmcvMjAwMC9zdmciPjwvc3ZnPg==\" data-src=\"https:\/\/www.spoluzachyceno.cz\/wp-content\/uploads\/2026\/02\/noova.jpg\" data-srcset=\"https:\/\/www.spoluzachyceno.cz\/wp-content\/uploads\/2026\/02\/noova.jpg 1075w, https:\/\/www.spoluzachyceno.cz\/wp-content\/uploads\/2026\/02\/noova-500x625.jpg 500w, https:\/\/www.spoluzachyceno.cz\/wp-content\/uploads\/2026\/02\/noova-800x1000.jpg 800w, https:\/\/www.spoluzachyceno.cz\/wp-content\/uploads\/2026\/02\/noova-640x800.jpg 640w\" data-sizes=\"auto\" loading=\"eager\">\n\t\t<\/a>\t<\/div>\n<\/div>\n\t<figcaption class=\"vp-portfolio__item-overlay vp-portfolio__item-overlay-text-align-center\">\n\t\t<div class=\"vp-portfolio__item-meta-wrap vp-portfolio__custom-scrollbar\">\n\t\t\t\t<a\n\t\thref=\"https:\/\/www.jankantorphoto.com\"\n\t\ttabindex=\"-1\" class=\"vp-portfolio__item-meta\" \t>\n\t\n<h2 class=\"vp-portfolio__item-meta-title\">\n\tJan Kantor<\/h2>\n<\/a>\t\t<\/div>\n\t<\/figcaption>\n\t\t\t<\/figure>\n\t\t\t\t\t<\/div>\n\t\t\n<\/div>\n\t\t<\/div>\n\t\t\t\t<div class=\"vp-portfolio__layout-elements vp-portfolio__layout-elements-bottom vp-portfolio__layout-elements-align-center\">\n\t\t\t\t<div class=\"vp-portfolio__pagination-wrap\">\n\t\t\t\t<\/div>\n\t\t\t\t<\/div>\n\t\t\n<\/div>\n<\/div>\n\n\n<div style=\"height:100px\" aria-hidden=\"true\" class=\"wp-block-spacer\"><\/div>\n<\/div><\/div>\n<\/div>\n","protected":false},"excerpt":{"rendered":"","protected":false},"author":1,"featured_media":0,"parent":0,"menu_order":1,"comment_status":"closed","ping_status":"closed","template":"page-header-footer","meta":{"_vp_format_video_url":"","_vp_image_focal_point":[],"footnotes":""},"class_list":["post-14","page","type-page","status-publish","hentry"],"yoast_head":"<!-- This site is optimized with the Yoast SEO plugin v27.1.1 - https:\/\/yoast.com\/product\/yoast-seo-wordpress\/ -->\n<title>O n\u00e1s. - Spoluzachyceno<\/title>\n<meta name=\"robots\" content=\"index, follow, max-snippet:-1, max-image-preview:large, max-video-preview:-1\" \/>\n<link rel=\"canonical\" href=\"https:\/\/www.spoluzachyceno.cz\/index.php\/o-nas\/\" \/>\n<meta property=\"og:locale\" content=\"cs_CZ\" \/>\n<meta property=\"og:type\" content=\"article\" \/>\n<meta property=\"og:title\" content=\"O n\u00e1s. - Spoluzachyceno\" \/>\n<meta property=\"og:url\" content=\"https:\/\/www.spoluzachyceno.cz\/index.php\/o-nas\/\" \/>\n<meta property=\"og:site_name\" content=\"Spoluzachyceno\" \/>\n<meta property=\"article:publisher\" content=\"https:\/\/www.facebook.com\/profile.php?id=61552257404725\" \/>\n<meta property=\"article:modified_time\" content=\"2026-02-19T09:03:12+00:00\" \/>\n<meta property=\"og:image\" content=\"https:\/\/www.spoluzachyceno.cz\/wp-content\/uploads\/2024\/02\/IMG_9101-scaled.jpg\" \/>\n\t<meta property=\"og:image:width\" content=\"2048\" \/>\n\t<meta property=\"og:image:height\" content=\"2560\" \/>\n\t<meta property=\"og:image:type\" content=\"image\/jpeg\" \/>\n<meta name=\"twitter:card\" content=\"summary_large_image\" \/>\n<meta name=\"twitter:label1\" content=\"Odhadovan\u00e1 doba \u010dten\u00ed\" \/>\n\t<meta name=\"twitter:data1\" content=\"1 minuta\" \/>\n<script type=\"application\/ld+json\" class=\"yoast-schema-graph\">{\"@context\":\"https:\/\/schema.org\",\"@graph\":[{\"@type\":\"WebPage\",\"@id\":\"https:\/\/www.spoluzachyceno.cz\/index.php\/o-nas\/\",\"url\":\"https:\/\/www.spoluzachyceno.cz\/index.php\/o-nas\/\",\"name\":\"O n\u00e1s. - Spoluzachyceno\",\"isPartOf\":{\"@id\":\"https:\/\/www.spoluzachyceno.cz\/#website\"},\"primaryImageOfPage\":{\"@id\":\"https:\/\/www.spoluzachyceno.cz\/index.php\/o-nas\/#primaryimage\"},\"image\":{\"@id\":\"https:\/\/www.spoluzachyceno.cz\/index.php\/o-nas\/#primaryimage\"},\"thumbnailUrl\":\"https:\/\/www.spoluzachyceno.cz\/wp-content\/uploads\/2024\/02\/IMG_9101-scaled.jpg\",\"datePublished\":\"2023-08-10T15:10:50+00:00\",\"dateModified\":\"2026-02-19T09:03:12+00:00\",\"breadcrumb\":{\"@id\":\"https:\/\/www.spoluzachyceno.cz\/index.php\/o-nas\/#breadcrumb\"},\"inLanguage\":\"cs\",\"potentialAction\":[{\"@type\":\"ReadAction\",\"target\":[\"https:\/\/www.spoluzachyceno.cz\/index.php\/o-nas\/\"]}]},{\"@type\":\"ImageObject\",\"inLanguage\":\"cs\",\"@id\":\"https:\/\/www.spoluzachyceno.cz\/index.php\/o-nas\/#primaryimage\",\"url\":\"https:\/\/www.spoluzachyceno.cz\/wp-content\/uploads\/2024\/02\/IMG_9101-scaled.jpg\",\"contentUrl\":\"https:\/\/www.spoluzachyceno.cz\/wp-content\/uploads\/2024\/02\/IMG_9101-scaled.jpg\",\"width\":2048,\"height\":2560},{\"@type\":\"BreadcrumbList\",\"@id\":\"https:\/\/www.spoluzachyceno.cz\/index.php\/o-nas\/#breadcrumb\",\"itemListElement\":[{\"@type\":\"ListItem\",\"position\":1,\"name\":\"Dom\u016f\",\"item\":\"https:\/\/www.spoluzachyceno.cz\/\"},{\"@type\":\"ListItem\",\"position\":2,\"name\":\"O n\u00e1s.\"}]},{\"@type\":\"WebSite\",\"@id\":\"https:\/\/www.spoluzachyceno.cz\/#website\",\"url\":\"https:\/\/www.spoluzachyceno.cz\/\",\"name\":\"Spoluzachyceno\",\"description\":\"| Svatebn\u00ed &amp; lifestyle fotografie.\",\"publisher\":{\"@id\":\"https:\/\/www.spoluzachyceno.cz\/#organization\"},\"alternateName\":\"Spoluzachyceno\",\"potentialAction\":[{\"@type\":\"SearchAction\",\"target\":{\"@type\":\"EntryPoint\",\"urlTemplate\":\"https:\/\/www.spoluzachyceno.cz\/?s={search_term_string}\"},\"query-input\":{\"@type\":\"PropertyValueSpecification\",\"valueRequired\":true,\"valueName\":\"search_term_string\"}}],\"inLanguage\":\"cs\"},{\"@type\":\"Organization\",\"@id\":\"https:\/\/www.spoluzachyceno.cz\/#organization\",\"name\":\"Spoluzachyceno\",\"url\":\"https:\/\/www.spoluzachyceno.cz\/\",\"logo\":{\"@type\":\"ImageObject\",\"inLanguage\":\"cs\",\"@id\":\"https:\/\/www.spoluzachyceno.cz\/#\/schema\/logo\/image\/\",\"url\":\"https:\/\/www.spoluzachyceno.cz\/wp-content\/uploads\/2023\/08\/ChatGPT-Image-21.-10.-2025-11_23_06.png\",\"contentUrl\":\"https:\/\/www.spoluzachyceno.cz\/wp-content\/uploads\/2023\/08\/ChatGPT-Image-21.-10.-2025-11_23_06.png\",\"width\":1024,\"height\":219,\"caption\":\"Spoluzachyceno\"},\"image\":{\"@id\":\"https:\/\/www.spoluzachyceno.cz\/#\/schema\/logo\/image\/\"},\"sameAs\":[\"https:\/\/www.facebook.com\/profile.php?id=61552257404725\",\"https:\/\/www.instagram.com\/spoluzachyceno\/\"]}]}<\/script>\n<!-- \/ Yoast SEO plugin. -->","yoast_head_json":{"title":"O n\u00e1s. - Spoluzachyceno","robots":{"index":"index","follow":"follow","max-snippet":"max-snippet:-1","max-image-preview":"max-image-preview:large","max-video-preview":"max-video-preview:-1"},"canonical":"https:\/\/www.spoluzachyceno.cz\/index.php\/o-nas\/","og_locale":"cs_CZ","og_type":"article","og_title":"O n\u00e1s. - Spoluzachyceno","og_url":"https:\/\/www.spoluzachyceno.cz\/index.php\/o-nas\/","og_site_name":"Spoluzachyceno","article_publisher":"https:\/\/www.facebook.com\/profile.php?id=61552257404725","article_modified_time":"2026-02-19T09:03:12+00:00","og_image":[{"width":2048,"height":2560,"url":"https:\/\/www.spoluzachyceno.cz\/wp-content\/uploads\/2024\/02\/IMG_9101-scaled.jpg","type":"image\/jpeg"}],"twitter_card":"summary_large_image","twitter_misc":{"Odhadovan\u00e1 doba \u010dten\u00ed":"1 minuta"},"schema":{"@context":"https:\/\/schema.org","@graph":[{"@type":"WebPage","@id":"https:\/\/www.spoluzachyceno.cz\/index.php\/o-nas\/","url":"https:\/\/www.spoluzachyceno.cz\/index.php\/o-nas\/","name":"O n\u00e1s. - Spoluzachyceno","isPartOf":{"@id":"https:\/\/www.spoluzachyceno.cz\/#website"},"primaryImageOfPage":{"@id":"https:\/\/www.spoluzachyceno.cz\/index.php\/o-nas\/#primaryimage"},"image":{"@id":"https:\/\/www.spoluzachyceno.cz\/index.php\/o-nas\/#primaryimage"},"thumbnailUrl":"https:\/\/www.spoluzachyceno.cz\/wp-content\/uploads\/2024\/02\/IMG_9101-scaled.jpg","datePublished":"2023-08-10T15:10:50+00:00","dateModified":"2026-02-19T09:03:12+00:00","breadcrumb":{"@id":"https:\/\/www.spoluzachyceno.cz\/index.php\/o-nas\/#breadcrumb"},"inLanguage":"cs","potentialAction":[{"@type":"ReadAction","target":["https:\/\/www.spoluzachyceno.cz\/index.php\/o-nas\/"]}]},{"@type":"ImageObject","inLanguage":"cs","@id":"https:\/\/www.spoluzachyceno.cz\/index.php\/o-nas\/#primaryimage","url":"https:\/\/www.spoluzachyceno.cz\/wp-content\/uploads\/2024\/02\/IMG_9101-scaled.jpg","contentUrl":"https:\/\/www.spoluzachyceno.cz\/wp-content\/uploads\/2024\/02\/IMG_9101-scaled.jpg","width":2048,"height":2560},{"@type":"BreadcrumbList","@id":"https:\/\/www.spoluzachyceno.cz\/index.php\/o-nas\/#breadcrumb","itemListElement":[{"@type":"ListItem","position":1,"name":"Dom\u016f","item":"https:\/\/www.spoluzachyceno.cz\/"},{"@type":"ListItem","position":2,"name":"O n\u00e1s."}]},{"@type":"WebSite","@id":"https:\/\/www.spoluzachyceno.cz\/#website","url":"https:\/\/www.spoluzachyceno.cz\/","name":"Spoluzachyceno","description":"| Svatebn\u00ed &amp; lifestyle fotografie.","publisher":{"@id":"https:\/\/www.spoluzachyceno.cz\/#organization"},"alternateName":"Spoluzachyceno","potentialAction":[{"@type":"SearchAction","target":{"@type":"EntryPoint","urlTemplate":"https:\/\/www.spoluzachyceno.cz\/?s={search_term_string}"},"query-input":{"@type":"PropertyValueSpecification","valueRequired":true,"valueName":"search_term_string"}}],"inLanguage":"cs"},{"@type":"Organization","@id":"https:\/\/www.spoluzachyceno.cz\/#organization","name":"Spoluzachyceno","url":"https:\/\/www.spoluzachyceno.cz\/","logo":{"@type":"ImageObject","inLanguage":"cs","@id":"https:\/\/www.spoluzachyceno.cz\/#\/schema\/logo\/image\/","url":"https:\/\/www.spoluzachyceno.cz\/wp-content\/uploads\/2023\/08\/ChatGPT-Image-21.-10.-2025-11_23_06.png","contentUrl":"https:\/\/www.spoluzachyceno.cz\/wp-content\/uploads\/2023\/08\/ChatGPT-Image-21.-10.-2025-11_23_06.png","width":1024,"height":219,"caption":"Spoluzachyceno"},"image":{"@id":"https:\/\/www.spoluzachyceno.cz\/#\/schema\/logo\/image\/"},"sameAs":["https:\/\/www.facebook.com\/profile.php?id=61552257404725","https:\/\/www.instagram.com\/spoluzachyceno\/"]}]}},"_links":{"self":[{"href":"https:\/\/www.spoluzachyceno.cz\/index.php\/wp-json\/wp\/v2\/pages\/14","targetHints":{"allow":["GET"]}}],"collection":[{"href":"https:\/\/www.spoluzachyceno.cz\/index.php\/wp-json\/wp\/v2\/pages"}],"about":[{"href":"https:\/\/www.spoluzachyceno.cz\/index.php\/wp-json\/wp\/v2\/types\/page"}],"author":[{"embeddable":true,"href":"https:\/\/www.spoluzachyceno.cz\/index.php\/wp-json\/wp\/v2\/users\/1"}],"replies":[{"embeddable":true,"href":"https:\/\/www.spoluzachyceno.cz\/index.php\/wp-json\/wp\/v2\/comments?post=14"}],"version-history":[{"count":194,"href":"https:\/\/www.spoluzachyceno.cz\/index.php\/wp-json\/wp\/v2\/pages\/14\/revisions"}],"predecessor-version":[{"id":3698,"href":"https:\/\/www.spoluzachyceno.cz\/index.php\/wp-json\/wp\/v2\/pages\/14\/revisions\/3698"}],"wp:attachment":[{"href":"https:\/\/www.spoluzachyceno.cz\/index.php\/wp-json\/wp\/v2\/media?parent=14"}],"curies":[{"name":"wp","href":"https:\/\/api.w.org\/{rel}","templated":true}]}}